{"id":16,"date":"2026-03-27T21:02:12","date_gmt":"2026-03-27T20:02:12","guid":{"rendered":"https:\/\/www.selfpublishingpoland.com\/?page_id=16"},"modified":"2026-03-27T21:02:12","modified_gmt":"2026-03-27T20:02:12","slug":"o-projekcie","status":"publish","type":"page","link":"https:\/\/www.selfpublishingpoland.com\/index.php\/o-projekcie\/","title":{"rendered":"o projekcie"},"content":{"rendered":"\n<h2 class=\"wp-block-heading has-text-align-center\">\u2026nie ma uniwersalnego podej\u015bcia, ale drogi przeplataj\u0105 si\u0119 mi\u0119dzy wzg\u00f3rzami\u2026<\/h2>\n\n\n\n<div style=\"height:32px\" aria-hidden=\"true\" class=\"wp-block-spacer\"><\/div>\n\n\n\n<details class=\"wp-block-details is-layout-flow wp-block-details-is-layout-flow\"><summary><strong>Dla kogo?<br><\/strong>Projekt ten powsta\u0142 z my\u015bl\u0105 g\u0142\u00f3wnie o osobach zajmuj\u0105cych self-publishing \u2026<\/summary>\n<p>\u2026 czyli tw\u00f3rcach, pisarzach, copywriterach i innych, kt\u00f3rzy chc\u0105 samodzielnie wydawa\u0107 w\u0142asne publikacje, ksi\u0105\u017cki, broszury, katalogi, produkty low-content i non-content. Dotyczy to zar\u00f3wno wyda\u0144 papierowych, elektronicznych, publikacji w social mediach, na w\u0142asnych blogach czy stronach www.<br>Jest r\u00f3wnie\u017c skierowany do os\u00f3b zajmuj\u0105cych si\u0119 konkretn\u0105 bran\u017c\u0105, a chcia\u0142yby np. opublikowa\u0107 poradnik dotycz\u0105cy ich dzia\u0142alno\u015bci. Nie wiedz\u0105 jednak jak, gdzie i kiedy spr\u00f3bowa\u0107 swoich si\u0142 i przela\u0107 na papier swojej wiedzy i do\u015bwiadcze\u0144.<br>I przy okazji stworzy\u0107 dodatkowy produkt dla swoich klient\u00f3w oraz doch\u00f3d pasywny.<br>Niezale\u017cnie czy zajmujesz si\u0119 literatur\u0105 obyczajow\u0105, sensacyjn\u0105 i krymina\u0142ami, literatur\u0105 religijn\u0105, faktu, psychologiczn\u0105 czy pedagogiczn\u0105, literatur\u0105 dla dzieci i m\u0142odzie\u017cy, mo\u017cesz skorzysta\u0107 z materia\u0142\u00f3w i oferty tego projektu.<br>Tworzysz komiksy lub powie\u015bci graficzne, poradniki, biografie, reporta\u017ce, ksi\u0105\u017cki dla dzieci, publikacje popularno-naukowe, podr\u0119czniki akademickie i naukowe, ksi\u0105\u017cki dla profesjonalist\u00f3w i biznesowe, pozycje podr\u00f3\u017cnicze, poradniki, to jest te\u017c miejsce dla Ciebie.<\/p>\n<\/details>\n\n\n\n<details class=\"wp-block-details is-layout-flow wp-block-details-is-layout-flow\"><summary><strong>Pomys\u0142!<br><\/strong>Idea projektu powsta\u0142a ju\u017c kilka lat temu\u2026<\/summary>\n<p>\u2026kiedy po raz pierwszy zetkn\u0105\u0142em si\u0119 z self-publishing. Pocz\u0105tki by\u0142y jakby to okre\u015bli\u0107 &#8211; dziwaczne.<br>Wyszukiwanie informacji, weryfikowanie ich, sprawdzanie co dzia\u0142a, a co najwy\u017cej nadaj\u0119 si\u0119 do spamu, odrywanie kolejnych warstw cebuli nie raz doprowadza\u0142o do sza\u0142u.<br>Szczeg\u00f3lnie, \u017ce niekt\u00f3re cz\u0105stki wiedzy o publikowaniu musia\u0142em \u0142\u0105czy\u0107 z r\u00f3\u017cnych odleg\u0142ych i egzotycznych miejsc.<br>I tak w g\u0142owie zapali\u0142a si\u0119 lampka, dioda, czy co tam innego si\u0119 zapala jak cz\u0142owieka o\u015bwieci, ale jeszcze nie chce zosta\u0107 Budd\u0105. Urodzi\u0142 si\u0119 pomys\u0142.<br>Pomys\u0142 na zebranie w jednym miejscu jak najwi\u0119kszej ilo\u015bci wiedzy, takiej wiecie zweryfikowanej, a nie tylko informacji \u015bci\u0105gni\u0119tej z jakiego\u015b tam rozk\u0142adu jazdy na s\u0142upie na dalekiej prowincji. Doklejenie do tego troch\u0119 materia\u0142\u00f3w, zasob\u00f3w dla tw\u00f3rc\u00f3w, kt\u00f3rzy chc\u0105 by\u0107 niezale\u017cni i lubi\u0105 mie\u0107 kontrol\u0119 nad swoj\u0105 robot\u0105.<br>Przez ponad 6 lat dzia\u0142ania w self-publishing i print on demand zebra\u0142em poka\u017an\u0105 baz\u0119 wiedzy, praktyczne do\u015bwiadczenie, jak t\u0105 wiedz\u0119 zamieni\u0107 bez r\u00f3\u017cd\u017cki w publikacje i pokaza\u0107 \u015bwiatu.<br>Dlatego serdecznie zapraszam do korzystania z zasob\u00f3w projektu\u2026<\/p>\n<\/details>\n\n\n\n<details class=\"wp-block-details is-layout-flow wp-block-details-is-layout-flow\"><summary><strong>Bud\u017cet?!<br><\/strong>Takie s\u0142owo, kt\u00f3re nie raz wywo\u0142uje zgrzyt z\u0119b\u00f3w\u2026<\/summary>\n<p>&#8230;i zupe\u0142nie niepotrzebnie.&nbsp;<\/p>\n\n\n\n<p>W\u0142a\u015bciwie prawie ca\u0142y proces publikacji w\u0142asnej ksi\u0105\u017cki mo\u017cna przeprowadzi\u0107 zupe\u0142nie <strong>bez koszt\u00f3w finansowych<\/strong>.\u00a0<\/p>\n\n\n\n<p>Pozostaj\u0105 oczywi\u015bcie koszty w postaci czasu, energii, pracy, ale tego nie da si\u0119 unikn\u0105\u0107. Inaczej m\u00f3wi\u0105c, nie da si\u0119 le\u017ce\u0107 i chodzi\u0107 w jednym momencie.&nbsp;<\/p>\n\n\n\n<p><strong>Wyb\u00f3r nale\u017cy do chc\u0105cych.&nbsp;<\/strong><\/p>\n\n\n\n<p>No ale zostaje to &#8222;prawie ca\u0142y&#8221;. Niestety w kwestii marketingu i reklamy najlepiej zainwestowa\u0107 troch\u0119 got\u00f3wki, bo wi\u0119kszo\u015b\u0107 platform jest nastawiona na wsp\u00f3\u0142prac\u0119 z wyci\u0105gni\u0119ciem z\u0142ot\u00f3wek z naszego portfela.&nbsp;<\/p>\n\n\n\n<p>Nie jest to na szcz\u0119\u015bcie jedyna droga na zaistnienie naszej publikacji w szerokim \u015bwiecie czytelniczym. W projekcie jest te\u017c miejsce dla tych odwa\u017cnych i sprytnych, kt\u00f3rzy b\u0119d\u0105 chcieli spr\u00f3bowa\u0107 pracy organicznej i nie chodzi o kontynuowania dzia\u0142alno\u015bci Doktora Judyma.<\/p>\n\n\n\n<p>Dla os\u00f3b, kt\u00f3re jednak maj\u0105 do dyspozycji ograniczony czas i zaj\u0119ci s\u0105 w\u0142asnymi wa\u017cnymi sprawami, przygotowana jest &#8222;<strong>oferta<\/strong>&#8222;. Nie napisz\u0119, \u017ce jest to dla leniwych person, poniewa\u017c nie wierz\u0119 w lenistwo. Po wielu latach pracy zawodowej wiem, \u017ce co\u015b takiego nie istnieje i powody niepodejmowania okre\u015blonego dzia\u0142ania le\u017c\u0105 o wiele g\u0142\u0119biej ni\u017c pot\u0119piaj\u0105ce opinie publiki wok\u00f3\u0142.Czyli z bud\u017cetem mamy niejako kilka dr\u00f3g, kt\u00f3re mog\u0105 si\u0119 oczywi\u015bcie przeplata\u0107. Mo\u017cemy i\u015b\u0107 d\u0142u\u017csz\u0105 bezp\u0142atn\u0105 samodzieln\u0105 prac\u0105, lub szkoli\u0107 si\u0119 i zdobywa\u0107 wiedz\u0119 na p\u0142atnych konsultacjach i szkoleniach lub zleca\u0107 ca\u0142o\u015b\u0107 lub cz\u0119\u015b\u0107 dzia\u0142a\u0144 publikacyjnych i po publikacji naszego dzie\u0142a.<\/p>\n<\/details>\n\n\n\n<details class=\"wp-block-details is-layout-flow wp-block-details-is-layout-flow\"><summary><strong>Profesjonalizm i inne powa\u017cne s\u0142owa\u2026<br><\/strong>S\u0105 takie s\u0142owa, na kt\u00f3re reagujemy bez zastanowienia\u2026<\/summary>\n<p>\u2026a nie wiemy co tak naprawd\u0119 autor mia\u0142 na my\u015bli. Takie s\u0142owa, kt\u00f3re maj\u0105 dzia\u0142a\u0107 na nasze zachowanie to w\u0142a\u015bnie: profesjonalizm, ekspert, najlepszy, najwi\u0119kszy, bezkonkurencyjny, najta\u0144szy, pierwszy na rynku itd., itd.<\/p>\n\n\n\n<p>I tutaj spr\u00f3buj\u0119 Was zaskoczy\u0107. Nie zajmuj\u0119 si\u0119 profesjonaln\u0105 obs\u0142ug\u0105 self-publisher\u00f3w i pokrewnych dzia\u0142aczy. Nawet nie cierpi\u0119 takich s\u0142\u00f3w jak profesjonalizm. I powod\u00f3w jest kilka:<\/p>\n\n\n\n<ul class=\"wp-block-list\">\n<li>nie ma ludzi nieomylnych. Zawsze mo\u017cna pope\u0142ni\u0107 b\u0142\u0105d. Sztuka polega jak si\u0119 go naprawi, a nie jak powa\u017cnie i ekspercko b\u0119dziemy wygl\u0105da\u0107.<\/li>\n<\/ul>\n\n\n\n<ul class=\"wp-block-list\">\n<li>je\u015bli chc\u0119 pokaza\u0107 komu\u015b drog\u0119 do osi\u0105gni\u0119cia celu, moim obowi\u0105zkiem jest samemu szkoli\u0107 si\u0119. Nie udawa\u0107 guru, omnibusa i wszech wiedz\u0105cego Alf\u0119 i Omeg\u0119. W self-publishingu jest zawsze czego si\u0119 nauczy\u0107, to temat rzeka i wci\u0105\u017c zmienia koryto.<\/li>\n<\/ul>\n\n\n\n<ul class=\"wp-block-list\">\n<li>moim celem jest znajdowanie problem\u00f3w i szukanie ich rozwi\u0105za\u0144, a nie przedstawienie gotowych rozwi\u0105za\u0144. Indywidualizowanie dzia\u0142a\u0144 jest wg mnie lepsz\u0105 opcj\u0105 ni\u017c sztywne trzymanie si\u0119 utartych schemat\u00f3w. Sytuacja ka\u017cdego z nas r\u00f3\u017cni si\u0119, po drodze mog\u0105 zaj\u015b\u0107 nieprzewidziane zdarzenia, zmiennych jest du\u017co. Czasem okazuj\u0119 si\u0119, \u017ce podczas tworzenia publikacji znajdziemy wsp\u00f3lnie ta\u0144sze lub oszcz\u0119dzaj\u0105ce czas pomys\u0142y lub skuteczniejsze b\u0119dzie zastosowanie trudniejszej opcji.<\/li>\n<\/ul>\n\n\n\n<p>Wi\u0119c czym si\u0119 w takim razie zajmuj\u0119? Po prostu wsparciem dla os\u00f3b chc\u0105cych samodzielnie wydawa\u0107 w\u0142asne publikacje lub ksi\u0105\u017cki. Szukam i staram si\u0119 personalizowa\u0107 rozwi\u0105zania w zale\u017cno\u015bci od Twoich indywidualnych potrzeb. Nie wrzucam ka\u017cdego w jedno wiadro i nie wyci\u0105gam z niego kr\u00f3lika, ale dostosowuj\u0119 prace do sytuacji i na tym opieram wsparcie.<\/p>\n<\/details>\n\n\n\n<details class=\"wp-block-details is-layout-flow wp-block-details-is-layout-flow\"><summary><strong>Kim jestem?<br><\/strong>W chwilach przerw mi\u0119dzy polowaniem na potwory, zdobywaniem pirackich statk\u00f3w\u2026<\/summary>\n<p>\u2026i tajnymi akcjami ninja ze swoim ma\u0142ym synem, zanurzam w projektowanie publikacji, ksi\u0105\u017cek, tworzeniem fotografii, obraz\u00f3w pe\u0142nych wspomnie\u0144, abstrakcyjnych \u0142amig\u0142\u00f3wek i pi\u0119knej natury.<br>Nazywam si\u0119 Marek Czartoryski i self-publishing zajmuj\u0119 od ponad 6 lat. Przeszed\u0142em zar\u00f3wno przez cienie, jak i jasne miejsca w tym maratonie. Zebrane do\u015bwiadczenia pragn\u0119 przekaza\u0107 swoim klientom, by u\u0142atwi\u0107 im w\u0142asn\u0105 prac\u0119 tw\u00f3rcz\u0105 oraz pokaza\u0107 meandry wydawania na w\u0142asna r\u0119k\u0119.<br>Zawodowo wychowawca, socjoterapeuta, trener karate tradycyjnego, zwolennik samorozwoju i wolnej tw\u00f3rczo\u015bci, z nutk\u0105 pedagogicznego wykszta\u0142cenia.<br>Przenosz\u0119 swoj\u0105 prac\u0119 na u\u017cyteczne pola, by s\u0142u\u017cy\u0142y moim klientom w rozwijaniu kreatywno\u015bci, umiej\u0119tno\u015bci i talent\u00f3w, z zachowaniem indywidualnego stylu.<br>\u0141\u0105cz\u0119 te wieloletnie do\u015bwiadczenia podczas konsultacji, szkole\u0144 i opracowuj\u0105c materia\u0142y i rozwi\u0105zania dla autor\u00f3w. Po prostu i w skr\u00f3cie \u0142atwiej jest mi pokaza\u0107 \u015bcie\u017ck\u0119 do osi\u0105gni\u0119cia celu, bo ju\u017c nie raz szed\u0142em podobn\u0105.<\/p>\n<\/details>\n","protected":false},"excerpt":{"rendered":"<p>\u2026nie ma uniwersalnego podej\u015bcia, ale drogi przeplataj\u0105 si\u0119 mi\u0119dzy wzg\u00f3rzami\u2026<\/p>\n","protected":false},"author":1,"featured_media":0,"parent":0,"menu_order":0,"comment_status":"closed","ping_status":"closed","template":"","meta":{"footnotes":""},"class_list":["post-16","page","type-page","status-publish","hentry"],"_links":{"self":[{"href":"https:\/\/www.selfpublishingpoland.com\/index.php\/wp-json\/wp\/v2\/pages\/16","targetHints":{"allow":["GET"]}}],"collection":[{"href":"https:\/\/www.selfpublishingpoland.com\/index.php\/wp-json\/wp\/v2\/pages"}],"about":[{"href":"https:\/\/www.selfpublishingpoland.com\/index.php\/wp-json\/wp\/v2\/types\/page"}],"author":[{"embeddable":true,"href":"https:\/\/www.selfpublishingpoland.com\/index.php\/wp-json\/wp\/v2\/users\/1"}],"replies":[{"embeddable":true,"href":"https:\/\/www.selfpublishingpoland.com\/index.php\/wp-json\/wp\/v2\/comments?post=16"}],"version-history":[{"count":3,"href":"https:\/\/www.selfpublishingpoland.com\/index.php\/wp-json\/wp\/v2\/pages\/16\/revisions"}],"predecessor-version":[{"id":145,"href":"https:\/\/www.selfpublishingpoland.com\/index.php\/wp-json\/wp\/v2\/pages\/16\/revisions\/145"}],"wp:attachment":[{"href":"https:\/\/www.selfpublishingpoland.com\/index.php\/wp-json\/wp\/v2\/media?parent=16"}],"curies":[{"name":"wp","href":"https:\/\/api.w.org\/{rel}","templated":true}]}}